{"id":1427,"date":"2024-01-13T10:40:41","date_gmt":"2024-01-13T10:40:41","guid":{"rendered":"https:\/\/petchiquitito.com\/request-quote\/"},"modified":"2024-01-14T13:44:18","modified_gmt":"2024-01-14T13:44:18","slug":"request-quote","status":"publish","type":"page","link":"https:\/\/petchiquitito.com\/es\/request-quote\/","title":{"rendered":"Solicitar cotizaci\u00f3n"},"content":{"rendered":"<div class=\"woocommerce ywraq-wrapper ywraq-empty\">\n\t\t\t<div id=\"yith-ywraq-message\"><div class=\"ywraq-question-message\">\n\t<\/div>\n<\/div>\n\t\t\n\t\t\t\t<div class=\"ywraq-form-table-wrapper vertical\">\n\t\t\t<div class=\"ywraq-before-form\">\n\t<p class=\"ywraq_list_empty_message\">Tu lista est\u00e1 vac\u00eda, a\u00f1ade productos a la lista para enviar una solicitud<p><p class=\"return-to-shop\"><a class=\"button wc-backward\" href=\"https:\/\/petchiquitito.com\/es\/hot-sale\/\">Regresar a la tienda<\/a><\/p><\/div>\n\t\t\t\t\t<\/div>\n\t<\/div>","protected":false},"excerpt":{"rendered":"","protected":false},"author":1,"featured_media":0,"parent":0,"menu_order":0,"comment_status":"closed","ping_status":"closed","template":"","meta":{"_acf_changed":false,"om_disable_all_campaigns":false,"_monsterinsights_skip_tracking":false,"_monsterinsights_sitenote_active":false,"_monsterinsights_sitenote_note":"","_monsterinsights_sitenote_category":0,"_uf_show_specific_survey":0,"_uf_disable_surveys":false,"footnotes":""},"class_list":["post-1427","page","type-page","status-publish","hentry"],"acf":[],"aioseo_notices":[],"_links":{"self":[{"href":"https:\/\/petchiquitito.com\/es\/wp-json\/wp\/v2\/pages\/1427","targetHints":{"allow":["GET"]}}],"collection":[{"href":"https:\/\/petchiquitito.com\/es\/wp-json\/wp\/v2\/pages"}],"about":[{"href":"https:\/\/petchiquitito.com\/es\/wp-json\/wp\/v2\/types\/page"}],"author":[{"embeddable":true,"href":"https:\/\/petchiquitito.com\/es\/wp-json\/wp\/v2\/users\/1"}],"replies":[{"embeddable":true,"href":"https:\/\/petchiquitito.com\/es\/wp-json\/wp\/v2\/comments?post=1427"}],"version-history":[{"count":1,"href":"https:\/\/petchiquitito.com\/es\/wp-json\/wp\/v2\/pages\/1427\/revisions"}],"predecessor-version":[{"id":1793,"href":"https:\/\/petchiquitito.com\/es\/wp-json\/wp\/v2\/pages\/1427\/revisions\/1793"}],"wp:attachment":[{"href":"https:\/\/petchiquitito.com\/es\/wp-json\/wp\/v2\/media?parent=1427"}],"curies":[{"name":"wp","href":"https:\/\/api.w.org\/{rel}","templated":true}]}}