{"id":1751,"date":"2024-01-14T10:17:39","date_gmt":"2024-01-14T10:17:39","guid":{"rendered":"https:\/\/petchiquitito.com\/?page_id=1751"},"modified":"2024-06-07T07:17:27","modified_gmt":"2024-06-07T07:17:27","slug":"customized","status":"publish","type":"page","link":"https:\/\/petchiquitito.com\/es\/customized\/","title":{"rendered":"Personalizado"},"content":{"rendered":"<h4>Cantidad m\u00ednima de pedido baja<br \/>Servicio de marca<\/h4>\n<p>Chiquitito ofrece un servicio personalizado y conveniente. No importa la cantidad que pida, podemos ofrecerle una soluci\u00f3n personalizada para su pedido. Nuestro principio es ayudar a nuestros clientes a construir el valor de su propia marca. Este es un servicio de valor agregado y tambi\u00e9n es el valor del servicio de marca de Chiquitito.<\/p>\n<p><a href=\"#\"><br \/>Personaliza tu producto<br \/><\/a><\/p>\n<p>\n\n\n<\/p>\n<figure class=\"wp-block-image size-full\"><img fetchpriority=\"high\" decoding=\"async\" width=\"496\" height=\"496\" class=\"wp-image-2257\" src=\"https:\/\/petchiquitito.com\/wp-content\/uploads\/2024\/06\/\u5fae\u4fe1\u56fe\u7247_20240528165042.jpg\" alt=\"\" srcset=\"https:\/\/petchiquitito.com\/wp-content\/uploads\/2024\/06\/\u5fae\u4fe1\u56fe\u7247_20240528165042.jpg 496w, https:\/\/petchiquitito.com\/wp-content\/uploads\/2024\/06\/\u5fae\u4fe1\u56fe\u7247_20240528165042-300x300.jpg 300w, https:\/\/petchiquitito.com\/wp-content\/uploads\/2024\/06\/\u5fae\u4fe1\u56fe\u7247_20240528165042-150x150.jpg 150w, https:\/\/petchiquitito.com\/wp-content\/uploads\/2024\/06\/\u5fae\u4fe1\u56fe\u7247_20240528165042-12x12.jpg 12w, https:\/\/petchiquitito.com\/wp-content\/uploads\/2024\/06\/\u5fae\u4fe1\u56fe\u7247_20240528165042-360x360.jpg 360w\" sizes=\"(max-width: 496px) 100vw, 496px\" \/><\/figure>\n<p>\n\n\n<\/p>\n<p>\n\n\n<\/p>\n<figure class=\"wp-block-image size-full\"><img decoding=\"async\" width=\"496\" height=\"496\" class=\"wp-image-2253\" src=\"https:\/\/petchiquitito.com\/wp-content\/uploads\/2024\/06\/\u5fae\u4fe1\u56fe\u7247_20240528165028.jpg\" alt=\"\" srcset=\"https:\/\/petchiquitito.com\/wp-content\/uploads\/2024\/06\/\u5fae\u4fe1\u56fe\u7247_20240528165028.jpg 496w, https:\/\/petchiquitito.com\/wp-content\/uploads\/2024\/06\/\u5fae\u4fe1\u56fe\u7247_20240528165028-300x300.jpg 300w, https:\/\/petchiquitito.com\/wp-content\/uploads\/2024\/06\/\u5fae\u4fe1\u56fe\u7247_20240528165028-150x150.jpg 150w, https:\/\/petchiquitito.com\/wp-content\/uploads\/2024\/06\/\u5fae\u4fe1\u56fe\u7247_20240528165028-12x12.jpg 12w, https:\/\/petchiquitito.com\/wp-content\/uploads\/2024\/06\/\u5fae\u4fe1\u56fe\u7247_20240528165028-360x360.jpg 360w\" sizes=\"(max-width: 496px) 100vw, 496px\" \/>\u00a0<\/figure>\n<p>\u00a0<\/p>\n<figure class=\"wp-block-image size-full\">\n\n<figure class=\"wp-block-image size-full\"><img decoding=\"async\" width=\"496\" height=\"496\" class=\"wp-image-2255\" src=\"https:\/\/petchiquitito.com\/wp-content\/uploads\/2024\/06\/\u5fae\u4fe1\u56fe\u7247_20240528165245-1.jpg\" alt=\"\" srcset=\"https:\/\/petchiquitito.com\/wp-content\/uploads\/2024\/06\/\u5fae\u4fe1\u56fe\u7247_20240528165245-1.jpg 496w, https:\/\/petchiquitito.com\/wp-content\/uploads\/2024\/06\/\u5fae\u4fe1\u56fe\u7247_20240528165245-1-300x300.jpg 300w, https:\/\/petchiquitito.com\/wp-content\/uploads\/2024\/06\/\u5fae\u4fe1\u56fe\u7247_20240528165245-1-150x150.jpg 150w, https:\/\/petchiquitito.com\/wp-content\/uploads\/2024\/06\/\u5fae\u4fe1\u56fe\u7247_20240528165245-1-12x12.jpg 12w, https:\/\/petchiquitito.com\/wp-content\/uploads\/2024\/06\/\u5fae\u4fe1\u56fe\u7247_20240528165245-1-360x360.jpg 360w\" sizes=\"(max-width: 496px) 100vw, 496px\" \/><\/figure>\n\n<\/figure>\n<p>\n\n\n<h4>Personaliza tu banner<\/h4>\n<h4><strong>Facilitando las ventas<\/strong><\/h4>\n<p><span data-slate-fragment=\"JTVCJTdCJTIydHlwZSUyMiUzQSUyMnBhcmFncmFwaCUyMiUyQyUyMmNoaWxkcmVuJTIyJTNBJTVCJTdCJTIyaWQlMjIlM0ElMjJMVzVwbjFwN3FHJTIyJTJDJTIycGFyYUlkeCUyMiUzQTAlMkMlMjJzcmMlMjIlM0ElMjJXZSUyMGNhbiUyMGFsc28lMjBwcm92aWRlJTIwY29ycmVzcG9uZGluZyUyMHByb2R1Y3QlMjBkaXNwbGF5JTIwc2lnbiUyQyUyMGFkdmVydGlzZW1lbnQlMjBvciUyMGJhY2tncm91bmQlMjBkZXNpZ24lMjBhbmQlMjBwcmludGluZyUyQyUyME1ha2luZyUyMHlvdXIlMjBzYWxlcyUyMGVhc2llci4lMjIlMkMlMjJkc3QlMjIlM0ElMjIlRTYlODglOTElRTQlQkIlQUMlRTglQkYlOTglRTUlOEYlQUYlRTQlQkIlQTUlRTYlOEYlOTAlRTQlQkUlOUIlRTclOUIlQjglRTUlQkElOTQlRTclOUElODQlRTQlQkElQTclRTUlOTMlODElRTUlQjElOTUlRTclQTQlQkElRTYlQTAlODclRTUlQkYlOTclRTMlODAlODElRTUlQjklQkYlRTUlOTElOEElRTYlODglOTYlRTglODMlOEMlRTYlOTklQUYlRTglQUUlQkUlRTglQUUlQTElRTUlOTIlOEMlRTUlOEQlQjAlRTUlODglQjclRUYlQkMlOEMlRTglQUUlQTklRTYlODIlQTglRTclOUElODQlRTklOTQlODAlRTUlOTQlQUUlRTYlOUIlQjQlRTglQkQlQkIlRTYlOUQlQkUlRTMlODAlODIlMjIlMkMlMjJtZXRhZGF0YSUyMiUzQSUyMiUyMiUyQyUyMm1ldGFEYXRhJTIyJTNBJTVCJTVEJTJDJTIydGV4dCUyMiUzQSUyMldlJTIwY2FuJTIwYWxzbyUyMHByb3ZpZGUlMjBjb3JyZXNwb25kaW5nJTIwcHJvZHVjdCUyMGRpc3BsYXklMjBzaWduJTJDJTIwYWR2ZXJ0aXNlbWVudCUyMG9yJTIwYmFja2dyb3VuZCUyMGRlc2lnbiUyMGFuZCUyMHByaW50aW5nJTJDJTIwTWFraW5nJTIweW91ciUyMHNhbGVzJTIwZWFzaWVyLiUyMiU3RCU1RCU3RCU1RA==\">Tambi\u00e9n podemos proporcionar el dise\u00f1o e impresi\u00f3n de carteles de exhibici\u00f3n de productos, anuncios o fondos correspondientes, facilitando sus ventas.<\/span><\/p>\n<p><a href=\"#\"><br \/>Personaliza el banner de tu estanter\u00eda<br \/><\/a><\/p>\n<p>\u00a0<\/p>\n\n\n<figure class=\"wp-block-image size-large\"><img loading=\"lazy\" decoding=\"async\" width=\"1024\" height=\"507\" src=\"https:\/\/petchiquitito.com\/wp-content\/uploads\/2024\/06\/Banner-3-2-1024x507.jpg\" alt=\"\" class=\"wp-image-2266\" srcset=\"https:\/\/petchiquitito.com\/wp-content\/uploads\/2024\/06\/Banner-3-2-1024x507.jpg 1024w, https:\/\/petchiquitito.com\/wp-content\/uploads\/2024\/06\/Banner-3-2-300x149.jpg 300w, https:\/\/petchiquitito.com\/wp-content\/uploads\/2024\/06\/Banner-3-2-768x380.jpg 768w, https:\/\/petchiquitito.com\/wp-content\/uploads\/2024\/06\/Banner-3-2-1536x760.jpg 1536w, https:\/\/petchiquitito.com\/wp-content\/uploads\/2024\/06\/Banner-3-2-18x9.jpg 18w, https:\/\/petchiquitito.com\/wp-content\/uploads\/2024\/06\/Banner-3-2-360x178.jpg 360w, https:\/\/petchiquitito.com\/wp-content\/uploads\/2024\/06\/Banner-3-2-1200x594.jpg 1200w, https:\/\/petchiquitito.com\/wp-content\/uploads\/2024\/06\/Banner-3-2-150x74.jpg 150w, https:\/\/petchiquitito.com\/wp-content\/uploads\/2024\/06\/Banner-3-2.jpg 1600w\" sizes=\"(max-width: 1024px) 100vw, 1024px\" \/><\/figure>\n\n\n\n<figure class=\"wp-block-image size-large\"><img loading=\"lazy\" decoding=\"async\" width=\"1024\" height=\"682\" src=\"https:\/\/petchiquitito.com\/wp-content\/uploads\/2024\/06\/Banner-4-1-1024x682.jpg\" alt=\"\" class=\"wp-image-2267\" srcset=\"https:\/\/petchiquitito.com\/wp-content\/uploads\/2024\/06\/Banner-4-1-1024x682.jpg 1024w, https:\/\/petchiquitito.com\/wp-content\/uploads\/2024\/06\/Banner-4-1-300x200.jpg 300w, https:\/\/petchiquitito.com\/wp-content\/uploads\/2024\/06\/Banner-4-1-768x512.jpg 768w, https:\/\/petchiquitito.com\/wp-content\/uploads\/2024\/06\/Banner-4-1-1536x1023.jpg 1536w, https:\/\/petchiquitito.com\/wp-content\/uploads\/2024\/06\/Banner-4-1-18x12.jpg 18w, https:\/\/petchiquitito.com\/wp-content\/uploads\/2024\/06\/Banner-4-1-360x240.jpg 360w, https:\/\/petchiquitito.com\/wp-content\/uploads\/2024\/06\/Banner-4-1-1200x800.jpg 1200w, https:\/\/petchiquitito.com\/wp-content\/uploads\/2024\/06\/Banner-4-1-150x100.jpg 150w, https:\/\/petchiquitito.com\/wp-content\/uploads\/2024\/06\/Banner-4-1.jpg 1600w\" sizes=\"(max-width: 1024px) 100vw, 1024px\" \/><\/figure>","protected":false},"excerpt":{"rendered":"<p>Low-Minimum Order QuantityBranding Service Chiquitito offers a conveniente customized service, No matter how many quantity you order, we can give<\/p>","protected":false},"author":2,"featured_media":2249,"parent":0,"menu_order":0,"comment_status":"closed","ping_status":"closed","template":"","meta":{"_acf_changed":false,"om_disable_all_campaigns":false,"_monsterinsights_skip_tracking":false,"_monsterinsights_sitenote_active":false,"_monsterinsights_sitenote_note":"","_monsterinsights_sitenote_category":0,"_uf_show_specific_survey":0,"_uf_disable_surveys":false,"footnotes":""},"class_list":["post-1751","page","type-page","status-publish","has-post-thumbnail","hentry"],"acf":[],"aioseo_notices":[],"_links":{"self":[{"href":"https:\/\/petchiquitito.com\/es\/wp-json\/wp\/v2\/pages\/1751","targetHints":{"allow":["GET"]}}],"collection":[{"href":"https:\/\/petchiquitito.com\/es\/wp-json\/wp\/v2\/pages"}],"about":[{"href":"https:\/\/petchiquitito.com\/es\/wp-json\/wp\/v2\/types\/page"}],"author":[{"embeddable":true,"href":"https:\/\/petchiquitito.com\/es\/wp-json\/wp\/v2\/users\/2"}],"replies":[{"embeddable":true,"href":"https:\/\/petchiquitito.com\/es\/wp-json\/wp\/v2\/comments?post=1751"}],"version-history":[{"count":7,"href":"https:\/\/petchiquitito.com\/es\/wp-json\/wp\/v2\/pages\/1751\/revisions"}],"predecessor-version":[{"id":2268,"href":"https:\/\/petchiquitito.com\/es\/wp-json\/wp\/v2\/pages\/1751\/revisions\/2268"}],"wp:featuredmedia":[{"embeddable":true,"href":"https:\/\/petchiquitito.com\/es\/wp-json\/wp\/v2\/media\/2249"}],"wp:attachment":[{"href":"https:\/\/petchiquitito.com\/es\/wp-json\/wp\/v2\/media?parent=1751"}],"curies":[{"name":"wp","href":"https:\/\/api.w.org\/{rel}","templated":true}]}}