{"id":31,"date":"2023-04-20T11:47:35","date_gmt":"2023-04-20T11:47:35","guid":{"rendered":"https:\/\/dummy.xtemos.com\/woodmart2\/furniture2-elementor\/?page_id=31"},"modified":"2024-03-11T08:56:58","modified_gmt":"2024-03-11T08:56:58","slug":"about-us","status":"publish","type":"page","link":"https:\/\/petchiquitito.com\/pt\/about-us\/","title":{"rendered":"Sobre n\u00f3s"},"content":{"rendered":"<div data-elementor-type=\"wp-page\" data-elementor-id=\"31\" class=\"elementor elementor-31\" data-elementor-post-type=\"page\">\n\t\t\t\t<div class=\"elementor-element elementor-element-558899b e-flex e-con-boxed e-con e-parent\" data-id=\"558899b\" data-element_type=\"container\" data-e-type=\"container\">\n\t\t\t\t\t<div class=\"e-con-inner\">\n\t\t<div class=\"elementor-element elementor-element-9aff3ab e-con-full e-flex e-con e-child\" data-id=\"9aff3ab\" data-element_type=\"container\" data-e-type=\"container\">\n\t\t\t\t<div class=\"elementor-element elementor-element-cfd9ca0 wd-width-100 elementor-widget elementor-widget-wd_images_gallery\" data-id=\"cfd9ca0\" data-element_type=\"widget\" data-e-type=\"widget\" data-widget_type=\"wd_images_gallery.default\">\n\t\t\t\t<div class=\"elementor-widget-container\">\n\t\t\t\t\t\t\t<div class=\"wd-images-gallery photoswipe-images\" style=\"--wd-align-items:center; --wd-justify-content:center;\">\n\t\t\t\t\t\t<div class=\"wd-grid-g\" style=\"--wd-col-lg:2;--wd-col-md:2;--wd-col-sm:2;--wd-gap-lg:20px;--wd-gap-sm:10px;\" >\n\t\t\t\t\t\t\t\t\t\t\t\t\t\t\t\t\t\t<div class=\"wd-gallery-item wd-col\">\n\t\t\t\t\t\t\t\t\t\t\t\t\t<a  href=\"https:\/\/petchiquitito.com\/wp-content\/uploads\/2023\/04\/wd-furniture-about-us-img-1-opt.jpg\"data-width=\"460\" data-height=\"520\" data-index=\"1\" data-elementor-open-lightbox=\"no\">\n\t\t\t\t\t\t\n\t\t\t\t\t\t<img decoding=\"async\" src=\"https:\/\/petchiquitito.com\/wp-content\/uploads\/2023\/04\/wd-furniture-about-us-img-1-opt.jpg\"alt=\"wd-m\u00f3veis-sobre-n\u00f3s-img-1-opt\">\n\t\t\t\t\t\t\t\t\t\t\t\t\t<\/a>\n\t\t\t\t\t\t\t\t\t\t\t<\/div>\n\t\t\t\t\t\t\t\t\t\t\t\t\t\t\t<div class=\"wd-gallery-item wd-col\">\n\t\t\t\t\t\t\t\t\t\t\t\t\t<a  href=\"https:\/\/petchiquitito.com\/wp-content\/uploads\/2023\/04\/wd-furniture-about-us-img-2-opt.jpg\"data-width=\"460\" data-height=\"520\" data-index=\"2\" data-elementor-open-lightbox=\"no\">\n\t\t\t\t\t\t\n\t\t\t\t\t\t<img decoding=\"async\" src=\"https:\/\/petchiquitito.com\/wp-content\/uploads\/2023\/04\/wd-furniture-about-us-img-2-opt.jpg\"alt=\"wd-m\u00f3veis-sobre-n\u00f3s-img-2-opt\">\n\t\t\t\t\t\t\t\t\t\t\t\t\t<\/a>\n\t\t\t\t\t\t\t\t\t\t\t<\/div>\n\t\t\t\t\t\t\t\t\t\t\t\t\t<\/div>\n\t\t\t\t\t<\/div>\n\t\t\t\t\t\t<\/div>\n\t\t\t\t<\/div>\n\t\t\t\t<\/div>\n\t\t<div class=\"elementor-element elementor-element-af8043f e-con-full e-flex e-con e-child\" data-id=\"af8043f\" data-element_type=\"container\" data-e-type=\"container\">\n\t\t\t\t<div class=\"elementor-element elementor-element-78a5da3 wd-width-100 elementor-widget elementor-widget-wd_title\" data-id=\"78a5da3\" data-element_type=\"widget\" data-e-type=\"widget\" data-widget_type=\"wd_title.default\">\n\t\t\t\t<div class=\"elementor-widget-container\">\n\t\t\t\t\t\t\t<div class=\"title-wrapper set-mb-s reset-last-child wd-title-color-default wd-title-style-default wd-title-size-large text-left\">\n\n\t\t\t\n\t\t\t<div class=\"liner-continer\">\n\t\t\t\t<h4 class=\"woodmart-title-container title wd-fontsize-xxl\">Sobre Chiquito<\/h4> \n\t\t\t\t\t\t\t<\/div>\n\n\t\t\t\t\t<\/div>\n\t\t\t\t\t\t<\/div>\n\t\t\t\t<\/div>\n\t\t\t\t<div class=\"elementor-element elementor-element-49b9a13 elementor-widget elementor-widget-wd_text_block\" data-id=\"49b9a13\" data-element_type=\"widget\" data-e-type=\"widget\" data-widget_type=\"wd_text_block.default\">\n\t\t\t\t<div class=\"elementor-widget-container\">\n\t\t\t\t\t\t\t<div class=\"wd-text-block reset-last-child text-left\">\n\t\t\t\n\t\t\t<p>Chiquitito \u00e9 um dos maiores fornecedores de suprimentos para animais de estima\u00e7\u00e3o na China, somos especializados em fabrica\u00e7\u00e3o, design, fornecimento e branding de produtos para animais de estima\u00e7\u00e3o, oferecemos uma ampla gama de produtos de alta qualidade a pre\u00e7os competitivos, nos concentramos em ajudar nossos clientes com o crescimento dos neg\u00f3cios e o desenvolvimento do valor da marca. Esperamos ser seu parceiro forte na China.<\/p>\n\t\t\t\t\t<\/div>\n\t\t\t\t\t\t<\/div>\n\t\t\t\t<\/div>\n\t\t\t\t<\/div>\n\t\t\t\t\t<\/div>\n\t\t\t\t<\/div>\n\t\t\t\t\t<link rel=\"stylesheet\" id=\"wd-collapsible-content-css\" href=\"https:\/\/petchiquitito.com\/wp-content\/themes\/woodmart\/css\/parts\/elem-opt-collapsible-content.min.css?ver=7.4.3\" type=\"text\/css\" media=\"all\" \/> \t\t\t<div class=\"elementor-element elementor-element-43bbe8e wd-collapsible-content e-flex e-con-boxed e-con e-parent\" data-id=\"43bbe8e\" data-element_type=\"container\" data-e-type=\"container\">\n\t\t\t\t\t<div class=\"e-con-inner\">\n\t\t\t\t<div class=\"elementor-element elementor-element-20b137d elementor-widget elementor-widget-wd_text_block\" data-id=\"20b137d\" data-element_type=\"widget\" data-e-type=\"widget\" data-widget_type=\"wd_text_block.default\">\n\t\t\t\t<div class=\"elementor-widget-container\">\n\t\t\t\t\t\t\t<div class=\"wd-text-block reset-last-child text-left\">\n\t\t\t\n\t\t\t<h3>Atendimento Online Chiquitito<\/h3><p>A Chiquitito tem uma equipe de exporta\u00e7\u00e3o muito profissional, trabalhamos nesta \u00e1rea h\u00e1 mais de 15 anos, por isso temos muitas experi\u00eancias que podem ajud\u00e1-lo a lidar com todas as quest\u00f5es de exporta\u00e7\u00e3o at\u00e9 que a mercadoria chegue \u00e0 sua porta. , nossa equipe de profissionais responder\u00e1 rapidamente e atender\u00e1 com seriedade sua demanda. Esperamos ajud\u00e1-lo a obter as informa\u00e7\u00f5es mais recentes sobre os produtos novos e populares de nossa f\u00e1brica e de toda a China.<\/p><h3>Servi\u00e7o de marca Chiquitito<\/h3><p>O Branding Service n\u00e3o \u00e9 especial, mas \u00e9 muito importante para todos os clientes que desejam desenvolver o valor da sua pr\u00f3pria marca. Por este motivo, este servi\u00e7o tem um valor especial, Nosso objetivo \u00e9 ajudar nossos clientes no crescimento do neg\u00f3cio e da marca, portanto, n\u00e3o importa quantas quantidades voc\u00ea precise, faremos o poss\u00edvel para dar uma solu\u00e7\u00e3o com a marca. \u00e9 &quot;Voc\u00ea cresce, n\u00f3s crescemos&quot;.<\/p><h3>Servi\u00e7o de controle de qualidade sem preocupa\u00e7\u00f5es da Chiquitito<\/h3><p>Como todos sabem, a qualidade dos produtos importa sempre, importa para os clientes, para os \u201cAmiguinhos\u201d, importa tamb\u00e9m para a reputa\u00e7\u00e3o de uma marca e de uma empresa. Chiquitito fornece servi\u00e7os de controle de qualidade gratuitos, temos uma equipe de 18 pessoas que se concentra apenas nos servi\u00e7os de controle de qualidade. Um relat\u00f3rio de controle de qualidade ser\u00e1 enviado a voc\u00ea antes do envio.<\/p>\n\t\t\t\t\t<\/div>\n\t\t\t\t\t\t<\/div>\n\t\t\t\t<\/div>\n\t\t\t\t<div class=\"elementor-element elementor-element-cf18f75 elementor-widget elementor-widget-wd_button\" data-id=\"cf18f75\" data-element_type=\"widget\" data-e-type=\"widget\" data-widget_type=\"wd_button.default\">\n\t\t\t\t<div class=\"elementor-widget-container\">\n\t\t\t\t\t\t\t<div class=\"wd-button-wrapper text-left wd-collapsible-button\" >\n\t\t\t<a class=\"btn btn-style-link btn-style- btn-size-default btn-color-primary btn-icon-pos-right\"  href=\"#\">\n\t\t\t\t<span class=\"wd-btn-text\" data-elementor-setting-key=\"text\">\n\t\t\t\t\tconsulte Mais informa\u00e7\u00e3o\t\t\t\t<\/span>\n\n\t\t\t\t\t\t\t<\/a>\n\t\t<\/div>\n\t\t\t\t\t\t<\/div>\n\t\t\t\t<\/div>\n\t\t\t\t\t<\/div>\n\t\t\t\t<\/div>\n\t\t\t\t<\/div>","protected":false},"excerpt":{"rendered":"<p>About Chiquitito Chiquitito is one of the biggest pet supplies supplier in China, We specialize in Manafacturing, Design, Sourcing &amp;<\/p>","protected":false},"author":1,"featured_media":0,"parent":0,"menu_order":0,"comment_status":"closed","ping_status":"closed","template":"","meta":{"_acf_changed":false,"om_disable_all_campaigns":false,"_monsterinsights_skip_tracking":false,"_monsterinsights_sitenote_active":false,"_monsterinsights_sitenote_note":"","_monsterinsights_sitenote_category":0,"_uf_show_specific_survey":0,"_uf_disable_surveys":false,"footnotes":""},"class_list":["post-31","page","type-page","status-publish","hentry"],"acf":[],"aioseo_notices":[],"_links":{"self":[{"href":"https:\/\/petchiquitito.com\/pt\/wp-json\/wp\/v2\/pages\/31","targetHints":{"allow":["GET"]}}],"collection":[{"href":"https:\/\/petchiquitito.com\/pt\/wp-json\/wp\/v2\/pages"}],"about":[{"href":"https:\/\/petchiquitito.com\/pt\/wp-json\/wp\/v2\/types\/page"}],"author":[{"embeddable":true,"href":"https:\/\/petchiquitito.com\/pt\/wp-json\/wp\/v2\/users\/1"}],"replies":[{"embeddable":true,"href":"https:\/\/petchiquitito.com\/pt\/wp-json\/wp\/v2\/comments?post=31"}],"version-history":[{"count":15,"href":"https:\/\/petchiquitito.com\/pt\/wp-json\/wp\/v2\/pages\/31\/revisions"}],"predecessor-version":[{"id":2245,"href":"https:\/\/petchiquitito.com\/pt\/wp-json\/wp\/v2\/pages\/31\/revisions\/2245"}],"wp:attachment":[{"href":"https:\/\/petchiquitito.com\/pt\/wp-json\/wp\/v2\/media?parent=31"}],"curies":[{"name":"wp","href":"https:\/\/api.w.org\/{rel}","templated":true}]}}